{"id":139,"date":"2012-02-14T17:06:31","date_gmt":"2012-02-14T17:06:31","guid":{"rendered":"http:\/\/81.174.70.63\/?page_id=139"},"modified":"2012-11-01T10:37:43","modified_gmt":"2012-11-01T09:37:43","slug":"film-consigliati","status":"publish","type":"page","link":"https:\/\/www.paginediluce.tk\/index.php\/film-consigliati\/","title":{"rendered":"Film Consigliati"},"content":{"rendered":"<p>Questo \u00e8 un elenco di film e documentari che ci sono particolarmente piaciuti che sentiamo essere di apertura per un percorso evolutivo.<\/p>\n<p>Alcuni di questi film potete visionarli nella sezione video. \u00a0Vi preghiamo se avete qualche buon film da inserire nella lista in sintonia di segnalarcelo nel commento grazie!!<\/p>\n<p><strong>Film Educativi<\/strong><\/p>\n<p>Essi Vivono<br \/>\nPianeta Verde<\/p>\n<p><strong>Documentari<\/strong><\/p>\n<p>Supersize Me<br \/>\nThe Corporation<\/p>\n<p><strong>Film Spirituali<\/strong><\/p>\n<p>7 Km Da Gerusalemme<br \/>\nLa Profezia Di Celestino<br \/>\nPiccolo Buddha<\/p>\n<p>Nosso lar<\/p>\n<p><strong>Ufologici<\/strong><\/p>\n<p>District 9<br \/>\nK-Pax<br \/>\nContact<br \/>\nIndiana Jones E Il Teschio Di Cristallo<br \/>\nE.T.L&#8217;extraterrestre<\/p>\n<p>&nbsp;<\/p>\n<p><strong>Futuristici<\/strong><\/p>\n<p>Gattaca<br \/>\nThe Island<br \/>\nL&#8217;uomo Bicentenario<br \/>\nMatrix<br \/>\nAvatar<br \/>\nA.I. Intelligenza Artificiale<br \/>\nThe Cube (horror-thriller)<br \/>\nL&#8217;uomo Del Giorno Dopo (the Postman) Kevin Kostner<br \/>\nIo Robot(Willy Smith)<br \/>\nMinority Report(Tom Cruise)<br \/>\nLa Macchina Del Tempo (Anno Di Uscita 2002)<br \/>\nIl Pianeta Delle Scimmie (anno 2001 )<br \/>\nL&#8217;esercito Delle 12 Scimmie(Bruce Willis e Brad Pitt)Uscito Nel 1996<br \/>\nL&#8217;uomo Che Venne Dalla Terrra (bellissimo!!unico)<br \/>\nLa Mosca (Anno Uscita 1986)<br \/>\nJurassic Park<\/p>\n<p><strong>Paranormale<\/strong><\/p>\n<p>Phenomenon (Jhon Travolta)<br \/>\nSesto Senso (Bruce Willis)<br \/>\nHereafter(Sensitivo)Matt Damon<\/p>\n<p><strong>Per Sognare<\/strong><\/p>\n<p>Harry Potter<br \/>\nIl Signore Degli Anelli<\/p>\n<p><strong>Concettuali<\/strong><\/p>\n<p>Vi Presento Joe Black(Brad Pitt)<br \/>\nSette Anime (Wiily Smith)<br \/>\nAl Di L\u00e0 Dei Sogni(Robin Williams)<br \/>\nCodice Da Vinci (Tom Hanks)<\/p>\n<p><strong>Esperienze di vita per riflettere<\/strong><\/p>\n<p>Sweet November (dolore malattie)<br \/>\nIo Non Ho Paura (mafia)<br \/>\nPretty Woman (amore)<br \/>\nV per vendetta(lo scenario reale attuale)<br \/>\nEdward mani di forbici con Jhonny Depp(La differenza pu\u00f2 far paura)<br \/>\nMery Per Sempre (cos&#8217;\u00e8 la differenza?)<br \/>\nWill Hunting (il Genio)<br \/>\nL&#8217;attimo Fuggente (l&#8217;ingiustizia, l&#8217;inconsapevolezza, le incomprensioni, la rabbia)<br \/>\nAlla Ricerca Della Felicita&#8217; (il Senso Della Vita)<br \/>\nThe Millionaire (per Capire Oltre Il Tuo Punto Di Vista)<br \/>\nCast Away (perch\u00e8 non si s\u00e0 mai!)<br \/>\nForrest Gump (perch\u00e8 Anche Le Cose Piu&#8217; Belle Sono Nascoste Dentro Volti Assenti)<br \/>\nLa Vita \u00c8 Bella Di Benigni (perch\u00e8 Dentro Il Brutto C&#8217;\u00e8 Sempre Il Bello)<br \/>\nTitanic (l&#8217;amore Vince Su Tutto)<br \/>\nSe Scappi Ti Prendo -prova A Prendermi (di Caprio-Tom Hanks) (l&#8217;astuzia Aiuta Il Cuore )<br \/>\nPlesant Ville ( Per Vedere&#8230;)<br \/>\nPhiladelphia (Tom Hanks)<br \/>\nLe Regole Di Giorgia -rule&#8217;s Giorgia<br \/>\nYes Man (Jim Carey)<br \/>\nTruman Show (Jim Carey)<br \/>\nChocolat (Jhonny Depp)Storia Di Vita E Amore<br \/>\nLa papessa(contro le comuni regole)<br \/>\nDeja Vu (il Tempo \u00c8 Grande Maestro) Attore Protagonista Denzel Washington<br \/>\nLa Custode Di Mia Sorella(Cameron Diaz)<br \/>\nIn Her Shoes(Cameron Diaz Storie Di Sorelle)<br \/>\nThe Gift Il Dono Con Keanu Reeves (mediant\u00e0)thriller<br \/>\nBlind Side (Sandra Bullock)Tema: Razzismo E Adozione<br \/>\nKung Fu Panda (la Saggezza E La Scoperta Della Forza Interiore)<br \/>\nPatch Adams(Perch\u00e8 Si Cura Di Piu&#8217; Con L&#8217;amore)<br \/>\nRain Man (Tom Cruise e Dustin Hoffman)<br \/>\nForrest Gump (Tom Hanks)<br \/>\nIl Nome Della Rosa (Sean Connery)<br \/>\nBeautiful Mind (Russel Crowe)<br \/>\nThelma E Luoise(La libert\u00e0)<br \/>\nBenjamin Button (Brad Pitt)<br \/>\nUn Sogno Per Domani (passa Il Favore)<br \/>\nHancock (supereroe Dimenticato)Willy Smith<\/p>\n","protected":false},"excerpt":{"rendered":"<p>Questo \u00e8 un elenco di film e documentari che ci sono particolarmente piaciuti che sentiamo essere di apertura per un percorso evolutivo. Alcuni di questi film potete visionarli nella sezione video. \u00a0Vi preghiamo se avete qualche buon film da inserire nella lista in sintonia di segnalarcelo nel commento grazie!! Film Educativi Essi Vivono Pianeta Verde [&hellip;]<\/p>\n","protected":false},"author":1,"featured_media":0,"parent":0,"menu_order":0,"comment_status":"open","ping_status":"open","template":"","meta":{"footnotes":""},"class_list":["post-139","page","type-page","status-publish","hentry"],"_links":{"self":[{"href":"https:\/\/www.paginediluce.tk\/index.php\/wp-json\/wp\/v2\/pages\/139"}],"collection":[{"href":"https:\/\/www.paginediluce.tk\/index.php\/wp-json\/wp\/v2\/pages"}],"about":[{"href":"https:\/\/www.paginediluce.tk\/index.php\/wp-json\/wp\/v2\/types\/page"}],"author":[{"embeddable":true,"href":"https:\/\/www.paginediluce.tk\/index.php\/wp-json\/wp\/v2\/users\/1"}],"replies":[{"embeddable":true,"href":"https:\/\/www.paginediluce.tk\/index.php\/wp-json\/wp\/v2\/comments?post=139"}],"version-history":[{"count":11,"href":"https:\/\/www.paginediluce.tk\/index.php\/wp-json\/wp\/v2\/pages\/139\/revisions"}],"predecessor-version":[{"id":172,"href":"https:\/\/www.paginediluce.tk\/index.php\/wp-json\/wp\/v2\/pages\/139\/revisions\/172"}],"wp:attachment":[{"href":"https:\/\/www.paginediluce.tk\/index.php\/wp-json\/wp\/v2\/media?parent=139"}],"curies":[{"name":"wp","href":"https:\/\/api.w.org\/{rel}","templated":true}]}}